{"id":1715,"date":"2024-03-28T23:17:59","date_gmt":"2024-03-28T21:17:59","guid":{"rendered":"https:\/\/staging.aktual.fi\/aktual\/"},"modified":"2025-11-03T13:44:27","modified_gmt":"2025-11-03T11:44:27","slug":"aktual","status":"publish","type":"page","link":"https:\/\/staging.aktual.fi\/fi\/","title":{"rendered":"Aktual"},"content":{"rendered":"<p><div class=\"fusion-fullwidth fullwidth-box fusion-builder-row-1 fusion-flex-container video-background has-pattern-background has-mask-background hundred-percent-fullwidth non-hundred-percent-height-scrolling\" style=\"--awb-border-radius-top-left:10px;--awb-border-radius-top-right:10px;--awb-border-radius-bottom-right:10px;--awb-border-radius-bottom-left:10px;--awb-overflow:hidden;--awb-padding-right:0px;--awb-padding-left:0px;--awb-margin-top:10px;--awb-min-height:calc(100vh - 20px);--awb-background-color:var(--awb-color8);--awb-background-image:linear-gradient(110deg, hsla(var(--awb-color8-h),var(--awb-color8-s),var(--awb-color8-l),calc(var(--awb-color8-a) - 80%)) 0%,hsla(var(--awb-color1-h),var(--awb-color1-s),var(--awb-color1-l),calc(var(--awb-color1-a) - 100%)) 64%);--awb-flex-wrap:wrap;--awb-filter:saturate(125%) brightness(95%) contrast(125%);--awb-filter-transition:filter 0.3s ease;--awb-filter-hover:saturate(125%) brightness(95%) contrast(125%);\" ><div class=\"fullwidth-video\"><video preload=\"auto\" autoplay playsinline loop muted><source src=\"https:\/\/staging.aktual.fi\/wp-content\/uploads\/2024\/04\/avada-agency-home-reel-1.mp4\" type=\"video\/mp4\"><\/video><\/div><div class=\"fullwidth-overlay\" style=\"background-image: linear-gradient(110deg, hsla(var(--awb-color8-h),var(--awb-color8-s),var(--awb-color8-l),calc(var(--awb-color8-a) - 80%)) 0%,hsla(var(--awb-color1-h),var(--awb-color1-s),var(--awb-color1-l),calc(var(--awb-color1-a) - 100%)) 64%);\"><\/div><div class=\"fusion-builder-row fusion-row fusion-flex-align-items-flex-start fusion-flex-content-wrap\" style=\"width:104% !important;max-width:104% !important;margin-left: calc(-4% \/ 2 );margin-right: calc(-4% \/ 2 );\"><div class=\"fusion-layout-column fusion_builder_column fusion-builder-column-0 fusion_builder_column_1_1 1_1 fusion-flex-column fusion-flex-align-self-stretch glassed\" style=\"--awb-padding-top:5%;--awb-padding-right:5%;--awb-padding-bottom:5%;--awb-padding-left:5%;--awb-bg-blend:overlay;--awb-bg-size:cover;--awb-width-large:100%;--awb-margin-top-large:0px;--awb-spacing-right-large:1.92%;--awb-margin-bottom-large:0px;--awb-spacing-left-large:1.92%;--awb-width-medium:100%;--awb-order-medium:0;--awb-spacing-right-medium:1.92%;--awb-spacing-left-medium:1.92%;--awb-width-small:100%;--awb-order-small:0;--awb-spacing-right-small:1.92%;--awb-spacing-left-small:1.92%;\"><div class=\"fusion-column-wrapper fusion-column-has-shadow fusion-flex-justify-content-space-between fusion-content-layout-column\"><div class=\"fusion-title title fusion-title-1 fusion-sep-none fusion-title-rotating fusion-animate-loop fusion-title-typeIn fusion-title-size-one\" style=\"--awb-text-color:var(--awb-color1);--awb-margin-bottom:0px;--awb-font-size:var(--awb-typography1-font-size);\"><h1 class=\"fusion-title-heading title-heading-left fusion-responsive-typography-calculated\" style=\"font-family:var(--awb-typography1-font-family);font-weight:var(--awb-typography1-font-weight);font-style:var(--awb-typography1-font-style);margin:0;letter-spacing:var(--awb-typography1-letter-spacing);text-transform:var(--awb-typography1-text-transform);font-size:1em;--fontSize:150.5;line-height:0.82;\"><span class=\"fusion-animated-text-prefix\">Powering New<\/span> <span class=\"fusion-animated-texts-wrapper\" data-length=\"char\" data-minDisplayTime=\"1200\"><span class=\"fusion-animated-texts\"><span data-in-effect=\"typeIn\" class=\"fusion-animated-text\" data-in-sequence=\"true\" data-out-reverse=\"true\" data-out-effect=\"typeOut\">Apps<\/span><span data-in-effect=\"typeIn\" class=\"fusion-animated-text\" data-in-sequence=\"true\" data-out-reverse=\"true\" data-out-effect=\"typeOut\">Automations<\/span><span data-in-effect=\"typeIn\" class=\"fusion-animated-text\" data-in-sequence=\"true\" data-out-reverse=\"true\" data-out-effect=\"typeOut\">Products<\/span><span data-in-effect=\"typeIn\" class=\"fusion-animated-text\" data-in-sequence=\"true\" data-out-reverse=\"true\" data-out-effect=\"typeOut\">Brands<\/span><\/span><\/span> <span class=\"fusion-animated-text-postfix\"><\/span><\/h1><\/div><div class=\"fusion-builder-row fusion-builder-row-inner fusion-row fusion-flex-align-items-flex-start fusion-flex-content-wrap\" style=\"width:104% !important;max-width:104% !important;margin-left: calc(-4% \/ 2 );margin-right: calc(-4% \/ 2 );\"><div class=\"fusion-layout-column fusion_builder_column_inner fusion-builder-nested-column-0 fusion-flex-column\" style=\"--awb-bg-size:cover;--awb-width-large:42%;--awb-margin-top-large:0px;--awb-spacing-right-large:4.5714285714286%;--awb-margin-bottom-large:48px;--awb-spacing-left-large:4.5714285714286%;--awb-width-medium:42%;--awb-order-medium:0;--awb-spacing-right-medium:4.5714285714286%;--awb-spacing-left-medium:4.5714285714286%;--awb-width-small:100%;--awb-order-small:0;--awb-spacing-right-small:1.92%;--awb-spacing-left-small:1.92%;\"><div class=\"fusion-column-wrapper fusion-column-has-shadow fusion-flex-justify-content-flex-start fusion-content-layout-column\"><div class=\"fusion-title title fusion-title-2 fusion-sep-none fusion-title-text fusion-title-size-two\" style=\"--awb-text-color:var(--awb-color1);--awb-margin-bottom:0px;--awb-font-size:48px;\"><h2 class=\"fusion-title-heading title-heading-left fusion-responsive-typography-calculated\" style=\"font-family:var(--awb-typography2-font-family);font-weight:var(--awb-typography2-font-weight);font-style:var(--awb-typography2-font-style);margin:0;letter-spacing:-0.01em;text-transform:var(--awb-typography2-text-transform);font-size:1em;--fontSize:48;line-height:1.06;\">Matka uniikkeihin digitaalisiin el\u00e4myksiin alkaa t\u00e4\u00e4lt\u00e4.<\/h2><\/div><\/div><\/div><div class=\"fusion-layout-column fusion_builder_column_inner fusion-builder-nested-column-1 fusion_builder_column_inner_1_1 1_1 fusion-flex-column\" style=\"--awb-bg-size:cover;--awb-width-large:100%;--awb-margin-top-large:0px;--awb-spacing-right-large:1.92%;--awb-margin-bottom-large:0px;--awb-spacing-left-large:1.92%;--awb-width-medium:100%;--awb-order-medium:0;--awb-spacing-right-medium:1.92%;--awb-spacing-left-medium:1.92%;--awb-width-small:100%;--awb-order-small:0;--awb-spacing-right-small:1.92%;--awb-spacing-left-small:1.92%;\"><div class=\"fusion-column-wrapper fusion-column-has-shadow fusion-flex-justify-content-flex-start fusion-content-layout-row fusion-flex-align-items-center\"><div ><a class=\"fusion-button button-flat fusion-button-default-size button-default fusion-button-default button-1 fusion-button-default-span fusion-button-default-type\" style=\"--button_text_transform:var(--awb-custom_typography_2-text-transform);--button_font_size:var(--awb-custom_typography_2-font-size);--button_line_height:var(--awb-custom_typography_2-line-height);--button_typography-letter-spacing:var(--awb-custom_typography_2-letter-spacing);--button_typography-font-family:var(--awb-custom_typography_2-font-family);--button_typography-font-weight:var(--awb-custom_typography_2-font-weight);--button_typography-font-style:var(--awb-custom_typography_2-font-style);\" target=\"_self\" data-hover=\"text_slide_up\" title=\"Play Reel\" aria-label=\"Play Reel\" href=\"#\"><i class=\"avada-portfolio-play awb-button__icon awb-button__icon--default button-icon-left\" aria-hidden=\"true\"><\/i><div class=\"awb-button-text-transition \"><span class=\"fusion-button-text awb-button__text awb-button__text--default\">Reel<\/span><span class=\"fusion-button-text awb-button__text awb-button__text--default\">Reel<\/span><\/div><\/a><\/div><div class=\"fusion-title title fusion-title-3 fusion-sep-none fusion-title-text fusion-title-size-div\" style=\"--awb-text-color:var(--awb-color1);--awb-margin-bottom:0px;--awb-margin-left:60px;--awb-font-size:var(--awb-custom_typography_2-font-size);\"><div class=\"fusion-title-heading title-heading-left title-heading-tag fusion-responsive-typography-calculated\" style=\"font-family:var(--awb-custom_typography_2-font-family);font-weight:var(--awb-custom_typography_2-font-weight);font-style:var(--awb-custom_typography_2-font-style);margin:0;letter-spacing:var(--awb-custom_typography_2-letter-spacing);text-transform:var(--awb-custom_typography_2-text-transform);font-size:1em;--fontSize:15;--minFontSize:15;line-height:1.38;\"><\/div><\/div><\/div><\/div><\/div><\/div><\/div><\/div><\/div><\/p>\n","protected":false},"excerpt":{"rendered":"","protected":false},"author":1,"featured_media":1712,"parent":0,"menu_order":0,"comment_status":"closed","ping_status":"closed","template":"100-width.php","meta":{"_acf_changed":false,"footnotes":""},"class_list":["post-1715","page","type-page","status-publish","has-post-thumbnail","hentry"],"acf":[],"yoast_head":"<!-- This site is optimized with the Yoast SEO plugin v27.4 - https:\/\/yoast.com\/product\/yoast-seo-wordpress\/ -->\n<title>Your gateway to unforgettable digital experiences - Aktual<\/title>\n<meta name=\"description\" content=\"Merging usability and beauty to amplify your digital identity. Powering New Brand, Products, Apps and Automations.\" \/>\n<meta name=\"robots\" content=\"noindex, follow, max-snippet:-1, max-image-preview:large, max-video-preview:-1\" \/>\n<meta property=\"og:locale\" content=\"fi_FI\" \/>\n<meta property=\"og:type\" content=\"article\" \/>\n<meta property=\"og:title\" content=\"Your gateway to unforgettable digital experiences - Aktual\" \/>\n<meta property=\"og:description\" content=\"Merging usability and beauty to amplify your digital identity. Powering New Brand, Products, Apps and Automations.\" \/>\n<meta property=\"og:url\" content=\"https:\/\/staging.aktual.fi\/fi\/\" \/>\n<meta property=\"og:site_name\" content=\"Aktual\" \/>\n<meta property=\"article:modified_time\" content=\"2025-11-03T11:44:27+00:00\" \/>\n<meta property=\"og:image\" content=\"https:\/\/staging.aktual.fi\/wp-content\/uploads\/2025\/10\/Aktual-bg-banner-3.webp\" \/>\n\t<meta property=\"og:image:width\" content=\"1200\" \/>\n\t<meta property=\"og:image:height\" content=\"675\" \/>\n\t<meta property=\"og:image:type\" content=\"image\/webp\" \/>\n<meta name=\"twitter:card\" content=\"summary_large_image\" \/>\n<meta name=\"twitter:label1\" content=\"Arvioitu lukuaika\" \/>\n\t<meta name=\"twitter:data1\" content=\"56 minuuttia\" \/>\n<script type=\"application\/ld+json\" class=\"yoast-schema-graph\">{\"@context\":\"https:\\\/\\\/schema.org\",\"@graph\":[{\"@type\":\"WebPage\",\"@id\":\"https:\\\/\\\/staging.aktual.fi\\\/fi\\\/\",\"url\":\"https:\\\/\\\/staging.aktual.fi\\\/fi\\\/\",\"name\":\"Your gateway to unforgettable digital experiences - Aktual\",\"isPartOf\":{\"@id\":\"https:\\\/\\\/staging.aktual.fi\\\/fi\\\/#website\"},\"primaryImageOfPage\":{\"@id\":\"https:\\\/\\\/staging.aktual.fi\\\/fi\\\/#primaryimage\"},\"image\":{\"@id\":\"https:\\\/\\\/staging.aktual.fi\\\/fi\\\/#primaryimage\"},\"thumbnailUrl\":\"https:\\\/\\\/staging.aktual.fi\\\/wp-content\\\/uploads\\\/2025\\\/10\\\/Aktual-bg-banner-3.webp\",\"datePublished\":\"2024-03-28T21:17:59+00:00\",\"dateModified\":\"2025-11-03T11:44:27+00:00\",\"description\":\"Merging usability and beauty to amplify your digital identity. Powering New Brand, Products, Apps and Automations.\",\"breadcrumb\":{\"@id\":\"https:\\\/\\\/staging.aktual.fi\\\/fi\\\/#breadcrumb\"},\"inLanguage\":\"fi\",\"potentialAction\":[{\"@type\":\"ReadAction\",\"target\":[\"https:\\\/\\\/staging.aktual.fi\\\/fi\\\/\"]}]},{\"@type\":\"ImageObject\",\"inLanguage\":\"fi\",\"@id\":\"https:\\\/\\\/staging.aktual.fi\\\/fi\\\/#primaryimage\",\"url\":\"https:\\\/\\\/staging.aktual.fi\\\/wp-content\\\/uploads\\\/2025\\\/10\\\/Aktual-bg-banner-3.webp\",\"contentUrl\":\"https:\\\/\\\/staging.aktual.fi\\\/wp-content\\\/uploads\\\/2025\\\/10\\\/Aktual-bg-banner-3.webp\",\"width\":1200,\"height\":675},{\"@type\":\"BreadcrumbList\",\"@id\":\"https:\\\/\\\/staging.aktual.fi\\\/fi\\\/#breadcrumb\",\"itemListElement\":[{\"@type\":\"ListItem\",\"position\":1,\"name\":\"Home\",\"item\":\"https:\\\/\\\/staging.aktual.fi\\\/fi\\\/aktual\\\/\"},{\"@type\":\"ListItem\",\"position\":2,\"name\":\"Aktual\"}]},{\"@type\":\"WebSite\",\"@id\":\"https:\\\/\\\/staging.aktual.fi\\\/fi\\\/#website\",\"url\":\"https:\\\/\\\/staging.aktual.fi\\\/fi\\\/\",\"name\":\"Aktual\",\"description\":\"\",\"publisher\":{\"@id\":\"https:\\\/\\\/staging.aktual.fi\\\/fi\\\/#organization\"},\"potentialAction\":[{\"@type\":\"SearchAction\",\"target\":{\"@type\":\"EntryPoint\",\"urlTemplate\":\"https:\\\/\\\/staging.aktual.fi\\\/fi\\\/?s={search_term_string}\"},\"query-input\":{\"@type\":\"PropertyValueSpecification\",\"valueRequired\":true,\"valueName\":\"search_term_string\"}}],\"inLanguage\":\"fi\"},{\"@type\":\"Organization\",\"@id\":\"https:\\\/\\\/staging.aktual.fi\\\/fi\\\/#organization\",\"name\":\"Aktual\",\"url\":\"https:\\\/\\\/staging.aktual.fi\\\/fi\\\/\",\"logo\":{\"@type\":\"ImageObject\",\"inLanguage\":\"fi\",\"@id\":\"https:\\\/\\\/staging.aktual.fi\\\/fi\\\/#\\\/schema\\\/logo\\\/image\\\/\",\"url\":\"https:\\\/\\\/staging.aktual.fi\\\/wp-content\\\/uploads\\\/2025\\\/10\\\/black_200px.webp\",\"contentUrl\":\"https:\\\/\\\/staging.aktual.fi\\\/wp-content\\\/uploads\\\/2025\\\/10\\\/black_200px.webp\",\"width\":200,\"height\":61,\"caption\":\"Aktual\"},\"image\":{\"@id\":\"https:\\\/\\\/staging.aktual.fi\\\/fi\\\/#\\\/schema\\\/logo\\\/image\\\/\"}}]}<\/script>\n<!-- \/ Yoast SEO plugin. -->","yoast_head_json":{"title":"Your gateway to unforgettable digital experiences - Aktual","description":"Merging usability and beauty to amplify your digital identity. Powering New Brand, Products, Apps and Automations.","robots":{"index":"noindex","follow":"follow","max-snippet":"max-snippet:-1","max-image-preview":"max-image-preview:large","max-video-preview":"max-video-preview:-1"},"og_locale":"fi_FI","og_type":"article","og_title":"Your gateway to unforgettable digital experiences - Aktual","og_description":"Merging usability and beauty to amplify your digital identity. Powering New Brand, Products, Apps and Automations.","og_url":"https:\/\/staging.aktual.fi\/fi\/","og_site_name":"Aktual","article_modified_time":"2025-11-03T11:44:27+00:00","og_image":[{"width":1200,"height":675,"url":"https:\/\/staging.aktual.fi\/wp-content\/uploads\/2025\/10\/Aktual-bg-banner-3.webp","type":"image\/webp"}],"twitter_card":"summary_large_image","twitter_misc":{"Arvioitu lukuaika":"56 minuuttia"},"schema":{"@context":"https:\/\/schema.org","@graph":[{"@type":"WebPage","@id":"https:\/\/staging.aktual.fi\/fi\/","url":"https:\/\/staging.aktual.fi\/fi\/","name":"Your gateway to unforgettable digital experiences - Aktual","isPartOf":{"@id":"https:\/\/staging.aktual.fi\/fi\/#website"},"primaryImageOfPage":{"@id":"https:\/\/staging.aktual.fi\/fi\/#primaryimage"},"image":{"@id":"https:\/\/staging.aktual.fi\/fi\/#primaryimage"},"thumbnailUrl":"https:\/\/staging.aktual.fi\/wp-content\/uploads\/2025\/10\/Aktual-bg-banner-3.webp","datePublished":"2024-03-28T21:17:59+00:00","dateModified":"2025-11-03T11:44:27+00:00","description":"Merging usability and beauty to amplify your digital identity. Powering New Brand, Products, Apps and Automations.","breadcrumb":{"@id":"https:\/\/staging.aktual.fi\/fi\/#breadcrumb"},"inLanguage":"fi","potentialAction":[{"@type":"ReadAction","target":["https:\/\/staging.aktual.fi\/fi\/"]}]},{"@type":"ImageObject","inLanguage":"fi","@id":"https:\/\/staging.aktual.fi\/fi\/#primaryimage","url":"https:\/\/staging.aktual.fi\/wp-content\/uploads\/2025\/10\/Aktual-bg-banner-3.webp","contentUrl":"https:\/\/staging.aktual.fi\/wp-content\/uploads\/2025\/10\/Aktual-bg-banner-3.webp","width":1200,"height":675},{"@type":"BreadcrumbList","@id":"https:\/\/staging.aktual.fi\/fi\/#breadcrumb","itemListElement":[{"@type":"ListItem","position":1,"name":"Home","item":"https:\/\/staging.aktual.fi\/fi\/aktual\/"},{"@type":"ListItem","position":2,"name":"Aktual"}]},{"@type":"WebSite","@id":"https:\/\/staging.aktual.fi\/fi\/#website","url":"https:\/\/staging.aktual.fi\/fi\/","name":"Aktual","description":"","publisher":{"@id":"https:\/\/staging.aktual.fi\/fi\/#organization"},"potentialAction":[{"@type":"SearchAction","target":{"@type":"EntryPoint","urlTemplate":"https:\/\/staging.aktual.fi\/fi\/?s={search_term_string}"},"query-input":{"@type":"PropertyValueSpecification","valueRequired":true,"valueName":"search_term_string"}}],"inLanguage":"fi"},{"@type":"Organization","@id":"https:\/\/staging.aktual.fi\/fi\/#organization","name":"Aktual","url":"https:\/\/staging.aktual.fi\/fi\/","logo":{"@type":"ImageObject","inLanguage":"fi","@id":"https:\/\/staging.aktual.fi\/fi\/#\/schema\/logo\/image\/","url":"https:\/\/staging.aktual.fi\/wp-content\/uploads\/2025\/10\/black_200px.webp","contentUrl":"https:\/\/staging.aktual.fi\/wp-content\/uploads\/2025\/10\/black_200px.webp","width":200,"height":61,"caption":"Aktual"},"image":{"@id":"https:\/\/staging.aktual.fi\/fi\/#\/schema\/logo\/image\/"}}]}},"_links":{"self":[{"href":"https:\/\/staging.aktual.fi\/fi\/wp-json\/wp\/v2\/pages\/1715","targetHints":{"allow":["GET"]}}],"collection":[{"href":"https:\/\/staging.aktual.fi\/fi\/wp-json\/wp\/v2\/pages"}],"about":[{"href":"https:\/\/staging.aktual.fi\/fi\/wp-json\/wp\/v2\/types\/page"}],"author":[{"embeddable":true,"href":"https:\/\/staging.aktual.fi\/fi\/wp-json\/wp\/v2\/users\/1"}],"replies":[{"embeddable":true,"href":"https:\/\/staging.aktual.fi\/fi\/wp-json\/wp\/v2\/comments?post=1715"}],"version-history":[{"count":3,"href":"https:\/\/staging.aktual.fi\/fi\/wp-json\/wp\/v2\/pages\/1715\/revisions"}],"predecessor-version":[{"id":1718,"href":"https:\/\/staging.aktual.fi\/fi\/wp-json\/wp\/v2\/pages\/1715\/revisions\/1718"}],"wp:featuredmedia":[{"embeddable":true,"href":"https:\/\/staging.aktual.fi\/fi\/wp-json\/wp\/v2\/media\/1712"}],"wp:attachment":[{"href":"https:\/\/staging.aktual.fi\/fi\/wp-json\/wp\/v2\/media?parent=1715"}],"curies":[{"name":"wp","href":"https:\/\/api.w.org\/{rel}","templated":true}]}}